{"id":195,"date":"2025-10-19T14:22:31","date_gmt":"2025-10-19T14:22:31","guid":{"rendered":"https:\/\/deltasynergyholding.com\/?page_id=195"},"modified":"2025-10-19T14:22:32","modified_gmt":"2025-10-19T14:22:32","slug":"mentions-legales","status":"publish","type":"page","link":"https:\/\/deltasynergyholding.com\/en\/mentions-legales\/","title":{"rendered":"Mentions L\u00e9gales"},"content":{"rendered":"<p>Conform\u00e9ment aux dispositions de l&rsquo;article 6, III, alin\u00e9a 1 de la loi n\u00b0 2004-575 du 21 juin 2004 pour la confiance dans l&rsquo;\u00e9conomie num\u00e9rique (LCEN) :<\/p>\n\n\n\n<h3 class=\"wp-block-heading\">1.1. Informations L\u00e9gales de l&rsquo;\u00c9diteur du Site<\/h3>\n\n\n\n<ul class=\"wp-block-list\">\n<li><strong>Nom de la Soci\u00e9t\u00e9 :<\/strong> Delta Synergy Holding<\/li>\n\n\n\n<li><strong>Forme Juridique :<\/strong> Soci\u00e9t\u00e9 par Actions Simplifi\u00e9e (SAS)<\/li>\n\n\n\n<li><strong>Capital Social :<\/strong> 1 000 euros<\/li>\n\n\n\n<li><strong>Si\u00e8ge Social :<\/strong> 25 rue de Ponthieu, 75008 Paris, France<\/li>\n\n\n\n<li><strong>Num\u00e9ro RCS (Registre du Commerce et des Soci\u00e9t\u00e9s) :<\/strong> 991 512 633 RCS Paris<\/li>\n\n\n\n<li><strong>Contact Email :<\/strong> contact@deltasynergyholding.com<\/li>\n\n\n\n<li><strong>Directeur de la Publication :<\/strong> Hicham El Hamzaoui (ou la personne d\u00e9sign\u00e9e par la SAS)<\/li>\n<\/ul>\n\n\n\n<h3 class=\"wp-block-heading\">1.2. H\u00e9bergeur du Site<\/h3>\n\n\n\n<p>L&rsquo;h\u00e9bergement du site est assur\u00e9 par la soci\u00e9t\u00e9 <strong>Hostinger<\/strong>.<\/p>\n\n\n\n<ul class=\"wp-block-list\">\n<li><strong>Nom de l&rsquo;H\u00e9bergeur :<\/strong> HOSTINGER INTERNATIONAL LTD<\/li>\n\n\n\n<li><strong>Si\u00e8ge Social :<\/strong> 61 Lordou Vironos Street, 6023 Larnaca, Chypre<\/li>\n\n\n\n<li><strong>Contact :<\/strong> Via le site internet d&rsquo;Hostinger : <a href=\"https:\/\/www.hostinger.fr\/contact\" target=\"_blank\" rel=\"noreferrer noopener\">https:\/\/www.hostinger.fr\/contact<\/a><\/li>\n<\/ul>\n\n\n\n<h3 class=\"wp-block-heading\">1.3. Propri\u00e9t\u00e9 Intellectuelle<\/h3>\n\n\n\n<p>L&rsquo;ensemble de ce site, y compris mais sans s&rsquo;y limiter, les textes, images, vid\u00e9os, et la structure, est la propri\u00e9t\u00e9 exclusive de Delta Synergy Holding. Toute reproduction ou repr\u00e9sentation, m\u00eame partielle, est strictement interdite sans autorisation \u00e9crite pr\u00e9alable.<\/p>","protected":false},"excerpt":{"rendered":"<p>Conform\u00e9ment aux dispositions de l&rsquo;article 6, III, alin\u00e9a 1 de la loi n\u00b0 2004-575 du 21 juin 2004 pour la [&hellip;]<\/p>","protected":false},"author":1,"featured_media":0,"parent":0,"menu_order":0,"comment_status":"closed","ping_status":"closed","template":"","meta":{"site-sidebar-layout":"default","site-content-layout":"","ast-site-content-layout":"default","site-content-style":"default","site-sidebar-style":"default","ast-global-header-display":"","ast-banner-title-visibility":"","ast-main-header-display":"","ast-hfb-above-header-display":"","ast-hfb-below-header-display":"","ast-hfb-mobile-header-display":"","site-post-title":"","ast-breadcrumbs-content":"","ast-featured-img":"","footer-sml-layout":"","theme-transparent-header-meta":"","adv-header-id-meta":"","stick-header-meta":"","header-above-stick-meta":"","header-main-stick-meta":"","header-below-stick-meta":"","astra-migrate-meta-layouts":"default","ast-page-background-enabled":"default","ast-page-background-meta":{"desktop":{"background-color":"var(--ast-global-color-5)","background-image":"","background-repeat":"repeat","background-position":"center center","background-size":"auto","background-attachment":"scroll","background-type":"","background-media":"","overlay-type":"","overlay-color":"","overlay-opacity":"","overlay-gradient":""},"tablet":{"background-color":"","background-image":"","background-repeat":"repeat","background-position":"center center","background-size":"auto","background-attachment":"scroll","background-type":"","background-media":"","overlay-type":"","overlay-color":"","overlay-opacity":"","overlay-gradient":""},"mobile":{"background-color":"","background-image":"","background-repeat":"repeat","background-position":"center center","background-size":"auto","background-attachment":"scroll","background-type":"","background-media":"","overlay-type":"","overlay-color":"","overlay-opacity":"","overlay-gradient":""}},"ast-content-background-meta":{"desktop":{"background-color":"var(--ast-global-color-4)","background-image":"","background-repeat":"repeat","background-position":"center center","background-size":"auto","background-attachment":"scroll","background-type":"","background-media":"","overlay-type":"","overlay-color":"","overlay-opacity":"","overlay-gradient":""},"tablet":{"background-color":"var(--ast-global-color-4)","background-image":"","background-repeat":"repeat","background-position":"center center","background-size":"auto","background-attachment":"scroll","background-type":"","background-media":"","overlay-type":"","overlay-color":"","overlay-opacity":"","overlay-gradient":""},"mobile":{"background-color":"var(--ast-global-color-4)","background-image":"","background-repeat":"repeat","background-position":"center center","background-size":"auto","background-attachment":"scroll","background-type":"","background-media":"","overlay-type":"","overlay-color":"","overlay-opacity":"","overlay-gradient":""}},"footnotes":""},"class_list":["post-195","page","type-page","status-publish","hentry"],"_links":{"self":[{"href":"https:\/\/deltasynergyholding.com\/en\/wp-json\/wp\/v2\/pages\/195","targetHints":{"allow":["GET"]}}],"collection":[{"href":"https:\/\/deltasynergyholding.com\/en\/wp-json\/wp\/v2\/pages"}],"about":[{"href":"https:\/\/deltasynergyholding.com\/en\/wp-json\/wp\/v2\/types\/page"}],"author":[{"embeddable":true,"href":"https:\/\/deltasynergyholding.com\/en\/wp-json\/wp\/v2\/users\/1"}],"replies":[{"embeddable":true,"href":"https:\/\/deltasynergyholding.com\/en\/wp-json\/wp\/v2\/comments?post=195"}],"version-history":[{"count":1,"href":"https:\/\/deltasynergyholding.com\/en\/wp-json\/wp\/v2\/pages\/195\/revisions"}],"predecessor-version":[{"id":196,"href":"https:\/\/deltasynergyholding.com\/en\/wp-json\/wp\/v2\/pages\/195\/revisions\/196"}],"wp:attachment":[{"href":"https:\/\/deltasynergyholding.com\/en\/wp-json\/wp\/v2\/media?parent=195"}],"curies":[{"name":"wp","href":"https:\/\/api.w.org\/{rel}","templated":true}]}}