{"id":197,"date":"2025-10-19T14:23:49","date_gmt":"2025-10-19T14:23:49","guid":{"rendered":"https:\/\/deltasynergyholding.com\/?page_id=197"},"modified":"2025-10-19T14:23:50","modified_gmt":"2025-10-19T14:23:50","slug":"politique-de-confidentialite","status":"publish","type":"page","link":"https:\/\/deltasynergyholding.com\/en\/politique-de-confidentialite\/","title":{"rendered":"Privacy Policy"},"content":{"rendered":"<p>La pr\u00e9sente Politique de Confidentialit\u00e9 d\u00e9finit et vous informe de la mani\u00e8re dont Delta Synergy Holding utilise et prot\u00e8ge les informations que vous lui transmettez, notamment lorsque vous utilisez le formulaire de contact.<\/p>\n\n\n\n<h3 class=\"wp-block-heading\">2.1. Donn\u00e9es Collect\u00e9es<\/h3>\n\n\n\n<p>Nous collectons les donn\u00e9es que vous nous fournissez via le Formulaire de Contact (Nom, Pr\u00e9nom, Email, Entreprise, Sujet, Message) et les donn\u00e9es collect\u00e9es automatiquement (Adresse IP, navigateur, etc.).<\/p>\n\n\n\n<h3 class=\"wp-block-heading\">2.2. Finalit\u00e9s du Traitement<\/h3>\n\n\n\n<p>Les donn\u00e9es sont utilis\u00e9es pour r\u00e9pondre \u00e0 vos demandes, g\u00e9rer la relation prospect\/partenaire et assurer la s\u00e9curit\u00e9 du site.<\/p>\n\n\n\n<h3 class=\"wp-block-heading\">2.3. Vos Droits (Conform\u00e9ment au RGPD)<\/h3>\n\n\n\n<p>Vous disposez d&rsquo;un droit d&rsquo;acc\u00e8s, de rectification et de suppression des informations qui vous concernent. Pour exercer ces droits, contactez-nous par email \u00e0 <strong>contact@deltasynergyholding.com<\/strong>.<\/p>","protected":false},"excerpt":{"rendered":"<p>La pr\u00e9sente Politique de Confidentialit\u00e9 d\u00e9finit et vous informe de la mani\u00e8re dont Delta Synergy Holding utilise et prot\u00e8ge les [&hellip;]<\/p>","protected":false},"author":1,"featured_media":0,"parent":0,"menu_order":0,"comment_status":"closed","ping_status":"closed","template":"","meta":{"site-sidebar-layout":"default","site-content-layout":"","ast-site-content-layout":"default","site-content-style":"default","site-sidebar-style":"default","ast-global-header-display":"","ast-banner-title-visibility":"","ast-main-header-display":"","ast-hfb-above-header-display":"","ast-hfb-below-header-display":"","ast-hfb-mobile-header-display":"","site-post-title":"","ast-breadcrumbs-content":"","ast-featured-img":"","footer-sml-layout":"","theme-transparent-header-meta":"","adv-header-id-meta":"","stick-header-meta":"","header-above-stick-meta":"","header-main-stick-meta":"","header-below-stick-meta":"","astra-migrate-meta-layouts":"default","ast-page-background-enabled":"default","ast-page-background-meta":{"desktop":{"background-color":"var(--ast-global-color-5)","background-image":"","background-repeat":"repeat","background-position":"center center","background-size":"auto","background-attachment":"scroll","background-type":"","background-media":"","overlay-type":"","overlay-color":"","overlay-opacity":"","overlay-gradient":""},"tablet":{"background-color":"","background-image":"","background-repeat":"repeat","background-position":"center center","background-size":"auto","background-attachment":"scroll","background-type":"","background-media":"","overlay-type":"","overlay-color":"","overlay-opacity":"","overlay-gradient":""},"mobile":{"background-color":"","background-image":"","background-repeat":"repeat","background-position":"center center","background-size":"auto","background-attachment":"scroll","background-type":"","background-media":"","overlay-type":"","overlay-color":"","overlay-opacity":"","overlay-gradient":""}},"ast-content-background-meta":{"desktop":{"background-color":"var(--ast-global-color-4)","background-image":"","background-repeat":"repeat","background-position":"center center","background-size":"auto","background-attachment":"scroll","background-type":"","background-media":"","overlay-type":"","overlay-color":"","overlay-opacity":"","overlay-gradient":""},"tablet":{"background-color":"var(--ast-global-color-4)","background-image":"","background-repeat":"repeat","background-position":"center center","background-size":"auto","background-attachment":"scroll","background-type":"","background-media":"","overlay-type":"","overlay-color":"","overlay-opacity":"","overlay-gradient":""},"mobile":{"background-color":"var(--ast-global-color-4)","background-image":"","background-repeat":"repeat","background-position":"center center","background-size":"auto","background-attachment":"scroll","background-type":"","background-media":"","overlay-type":"","overlay-color":"","overlay-opacity":"","overlay-gradient":""}},"footnotes":""},"class_list":["post-197","page","type-page","status-publish","hentry"],"_links":{"self":[{"href":"https:\/\/deltasynergyholding.com\/en\/wp-json\/wp\/v2\/pages\/197","targetHints":{"allow":["GET"]}}],"collection":[{"href":"https:\/\/deltasynergyholding.com\/en\/wp-json\/wp\/v2\/pages"}],"about":[{"href":"https:\/\/deltasynergyholding.com\/en\/wp-json\/wp\/v2\/types\/page"}],"author":[{"embeddable":true,"href":"https:\/\/deltasynergyholding.com\/en\/wp-json\/wp\/v2\/users\/1"}],"replies":[{"embeddable":true,"href":"https:\/\/deltasynergyholding.com\/en\/wp-json\/wp\/v2\/comments?post=197"}],"version-history":[{"count":1,"href":"https:\/\/deltasynergyholding.com\/en\/wp-json\/wp\/v2\/pages\/197\/revisions"}],"predecessor-version":[{"id":199,"href":"https:\/\/deltasynergyholding.com\/en\/wp-json\/wp\/v2\/pages\/197\/revisions\/199"}],"wp:attachment":[{"href":"https:\/\/deltasynergyholding.com\/en\/wp-json\/wp\/v2\/media?parent=197"}],"curies":[{"name":"wp","href":"https:\/\/api.w.org\/{rel}","templated":true}]}}